{"id":8,"date":"2018-06-05T14:49:29","date_gmt":"2018-06-05T12:49:29","guid":{"rendered":"http:\/\/halykon.no\/?page_id=8"},"modified":"2018-06-05T15:08:08","modified_gmt":"2018-06-05T13:08:08","slug":"forsteside","status":"publish","type":"page","link":"https:\/\/halykon.no\/","title":{"rendered":"Velkommen til Halykon"},"content":{"rendered":"<p>H\u00f8r Halykons nye singel p\u00e5 ditt favorittnettsted!<\/p>\n<p style=\"padding-left: 30px;\"><a href=\"http:\/\/spotify.halykon.no\">spotify.halykon.no<br \/>\n<\/a><a href=\"http:\/\/itunes.halykon.no\">itunes.halykon.no<br \/>\n<\/a><a href=\"http:\/\/tidal.halykon.no\">tidal.halykon.no<br \/>\n<\/a><a href=\"http:\/\/soundcloud.halykon.no\">soundcloud.halykon.no<br \/>\n<\/a><a href=\"http:\/\/bandcamp.halykon.no\">bandcamp.halykon.no<br \/>\n<\/a><a href=\"http:\/\/urort.halykon.no\">ur\u00f8rt.halykon.no<\/a><\/p>\n<p>Bes\u00f8k oss p\u00e5 Facebook!<\/p>\n<p style=\"padding-left: 30px;\"><a href=\"http:\/\/facebook.halykon.no\">facebook.halykon.no<\/a><\/p>\n","protected":false},"excerpt":{"rendered":"<p>H\u00f8r Halykons nye singel p\u00e5 ditt favorittnettsted! spotify.halykon.no itunes.halykon.no tidal.halykon.no soundcloud.halykon.no bandcamp.halykon.no ur\u00f8rt.halykon.no Bes\u00f8k oss p\u00e5 Facebook! facebook.halykon.no<\/p>\n","protected":false},"author":1,"featured_media":0,"parent":0,"menu_order":0,"comment_status":"closed","ping_status":"closed","template":"","meta":{"footnotes":""},"class_list":["post-8","page","type-page","status-publish","hentry"],"_links":{"self":[{"href":"https:\/\/halykon.no\/index.php?rest_route=\/wp\/v2\/pages\/8","targetHints":{"allow":["GET"]}}],"collection":[{"href":"https:\/\/halykon.no\/index.php?rest_route=\/wp\/v2\/pages"}],"about":[{"href":"https:\/\/halykon.no\/index.php?rest_route=\/wp\/v2\/types\/page"}],"author":[{"embeddable":true,"href":"https:\/\/halykon.no\/index.php?rest_route=\/wp\/v2\/users\/1"}],"replies":[{"embeddable":true,"href":"https:\/\/halykon.no\/index.php?rest_route=%2Fwp%2Fv2%2Fcomments&post=8"}],"version-history":[{"count":4,"href":"https:\/\/halykon.no\/index.php?rest_route=\/wp\/v2\/pages\/8\/revisions"}],"predecessor-version":[{"id":12,"href":"https:\/\/halykon.no\/index.php?rest_route=\/wp\/v2\/pages\/8\/revisions\/12"}],"wp:attachment":[{"href":"https:\/\/halykon.no\/index.php?rest_route=%2Fwp%2Fv2%2Fmedia&parent=8"}],"curies":[{"name":"wp","href":"https:\/\/api.w.org\/{rel}","templated":true}]}}